{"id":13,"date":"2026-03-15T18:02:52","date_gmt":"2026-03-15T18:02:52","guid":{"rendered":"http:\/\/kapuny.pl\/?page_id=13"},"modified":"2026-03-18T19:33:00","modified_gmt":"2026-03-18T18:33:00","slug":"dedykacje","status":"publish","type":"page","link":"https:\/\/kapuny.pl\/?page_id=13","title":{"rendered":"Dedykacje"},"content":{"rendered":"\n<div class=\"wp-block-comments\">\n\n\t<div id=\"respond\" class=\"comment-respond wp-block-post-comments-form\">\n\t\t<h3 id=\"reply-title\" class=\"comment-reply-title\">Zadedykuj piosenk\u0119<\/h3><form action=\"https:\/\/kapuny.pl\/wp-comments-post.php\" method=\"post\" id=\"commentform\" class=\"comment-form\"><p class=\"comment-notes\">\r\n\t<span id=\"email-notes\"> Tutaj mo\u017cesz zam\u00f3wi\u0107 dedykacj\u0119. Disco polo p\u0142atne 100 z\u0142 Parze M\u0142odej <\/span><\/p><p class=\"comment-form-comment\">\r\n\t<label for=\"comment\">Tre\u015b\u0107 dedykacji <span class=\"required\"><\/span><\/label>\r\n\t<textarea id=\"comment\" name=\"comment\" placeholder=\" \" cols=\"45\" rows=\"8\" maxlength=\"65525\" required=\"required\" spellcheck=\"false\"><\/textarea> <\/p><p class=\"comment-form-author\">\r\n\t\t<label for=\"author\">Od kogo <span class=\"required\"><\/span><\/label>\r\n\t\t<input id=\"author\" name=\"author\" type=\"text\" placeholder=\" \" value=\"\" size=\"30\" maxlength=\"245\" autocomplete=\"name\" required=\"required\"><\/p>\n<p class=\"form-submit wp-block-button\"><input name=\"submit\" type=\"submit\" id=\"submit\" class=\"wp-block-button__link wp-element-button\" value=\"Dodaj dedykacj\u0119\" \/> <input type='hidden' name='comment_post_ID' value='13' id='comment_post_ID' \/>\n<input type='hidden' name='comment_parent' id='comment_parent' value='0' \/>\n<\/p><p style=\"display: none !important;\" class=\"akismet-fields-container\" data-prefix=\"ak_\"><label>&#916;<textarea name=\"ak_hp_textarea\" cols=\"45\" rows=\"8\" maxlength=\"100\"><\/textarea><\/label><input type=\"hidden\" id=\"ak_js_1\" name=\"ak_js\" value=\"198\"\/><script>document.getElementById( \"ak_js_1\" ).setAttribute( \"value\", ( new Date() ).getTime() );<\/script><\/p><\/form>\t<\/div><!-- #respond -->\n\t\n\n<\/div>\n","protected":false},"excerpt":{"rendered":"","protected":false},"author":1,"featured_media":0,"parent":0,"menu_order":0,"comment_status":"open","ping_status":"closed","template":"","meta":{"footnotes":""},"class_list":["post-13","page","type-page","status-publish","hentry"],"_links":{"self":[{"href":"https:\/\/kapuny.pl\/index.php?rest_route=\/wp\/v2\/pages\/13","targetHints":{"allow":["GET"]}}],"collection":[{"href":"https:\/\/kapuny.pl\/index.php?rest_route=\/wp\/v2\/pages"}],"about":[{"href":"https:\/\/kapuny.pl\/index.php?rest_route=\/wp\/v2\/types\/page"}],"author":[{"embeddable":true,"href":"https:\/\/kapuny.pl\/index.php?rest_route=\/wp\/v2\/users\/1"}],"replies":[{"embeddable":true,"href":"https:\/\/kapuny.pl\/index.php?rest_route=%2Fwp%2Fv2%2Fcomments&post=13"}],"version-history":[{"count":7,"href":"https:\/\/kapuny.pl\/index.php?rest_route=\/wp\/v2\/pages\/13\/revisions"}],"predecessor-version":[{"id":61,"href":"https:\/\/kapuny.pl\/index.php?rest_route=\/wp\/v2\/pages\/13\/revisions\/61"}],"wp:attachment":[{"href":"https:\/\/kapuny.pl\/index.php?rest_route=%2Fwp%2Fv2%2Fmedia&parent=13"}],"curies":[{"name":"wp","href":"https:\/\/api.w.org\/{rel}","templated":true}]}}